{"id":2347,"date":"2022-02-22T11:11:02","date_gmt":"2022-02-22T11:11:02","guid":{"rendered":"https:\/\/flytecaviation.com.br\/wp\/produto\/capacete-raptor-evolution-colors-abaf-cor-fibra-de-carbono-com-viseira-e-sem-eletranica\/"},"modified":"2025-06-10T19:53:36","modified_gmt":"2025-06-10T19:53:36","slug":"capacete-raptor-evolution-colors-abaf-cor-fibra-de-carbono-com-viseira-e-sem-eletranica","status":"publish","type":"product","link":"https:\/\/flytecaviation.com.br\/wp\/produto\/capacete-raptor-evolution-colors-abaf-cor-fibra-de-carbono-com-viseira-e-sem-eletranica\/","title":{"rendered":"KIT FIXA\u00c7\u00c3O DA VISEIRA"},"content":{"rendered":"<p>KIT FIXA\u00c7\u00c3O DA VISEIRA<\/p>\n<p>O kit \u00e9 composto de dois parafusos allen com porcas travante e duas arroela de aluminio com borracha<\/p>\n<p>Esse kit serve para todos os modelos de capacetes flytec aviation<\/p>\n","protected":false},"excerpt":{"rendered":"<p>KIT FIXA\u00c7\u00c3O DA VISEIRA<\/p>\n<p>Dois parafusos allen com porcas travante e duas arroela de aluminio com borracha.<\/p>\n<p>Esse kit serve para todos os modelos de capacetes flytec aviation<\/p>\n","protected":false},"featured_media":4291,"comment_status":"open","ping_status":"closed","template":"","meta":{"_joinchat":[]},"product_brand":[],"product_cat":[86],"product_tag":[],"class_list":{"0":"post-2347","1":"product","2":"type-product","3":"status-publish","4":"has-post-thumbnail","6":"product_cat-capacetes-aeronauticos","8":"first","9":"instock","10":"shipping-taxable","11":"product-type-external"},"aioseo_notices":[],"_links":{"self":[{"href":"https:\/\/flytecaviation.com.br\/wp\/wp-json\/wp\/v2\/product\/2347","targetHints":{"allow":["GET"]}}],"collection":[{"href":"https:\/\/flytecaviation.com.br\/wp\/wp-json\/wp\/v2\/product"}],"about":[{"href":"https:\/\/flytecaviation.com.br\/wp\/wp-json\/wp\/v2\/types\/product"}],"replies":[{"embeddable":true,"href":"https:\/\/flytecaviation.com.br\/wp\/wp-json\/wp\/v2\/comments?post=2347"}],"wp:featuredmedia":[{"embeddable":true,"href":"https:\/\/flytecaviation.com.br\/wp\/wp-json\/wp\/v2\/media\/4291"}],"wp:attachment":[{"href":"https:\/\/flytecaviation.com.br\/wp\/wp-json\/wp\/v2\/media?parent=2347"}],"wp:term":[{"taxonomy":"product_brand","embeddable":true,"href":"https:\/\/flytecaviation.com.br\/wp\/wp-json\/wp\/v2\/product_brand?post=2347"},{"taxonomy":"product_cat","embeddable":true,"href":"https:\/\/flytecaviation.com.br\/wp\/wp-json\/wp\/v2\/product_cat?post=2347"},{"taxonomy":"product_tag","embeddable":true,"href":"https:\/\/flytecaviation.com.br\/wp\/wp-json\/wp\/v2\/product_tag?post=2347"}],"curies":[{"name":"wp","href":"https:\/\/api.w.org\/{rel}","templated":true}]}}