{"id":2352,"date":"2022-02-22T11:11:03","date_gmt":"2022-02-22T11:11:03","guid":{"rendered":"https:\/\/flytecaviation.com.br\/wp\/produto\/frete-sedex-correios\/"},"modified":"2025-08-05T17:57:02","modified_gmt":"2025-08-05T17:57:02","slug":"frete-sedex-correios","status":"publish","type":"product","link":"https:\/\/flytecaviation.com.br\/wp\/produto\/frete-sedex-correios\/","title":{"rendered":"FORRA\u00c7\u00c3O INTERNA PARA CAPACETE"},"content":{"rendered":"<p>FORRA\u00c7\u00c3O INTERNA PARA OS CAPACETES MODELOS ABERTOS, RAPTOR, REVO E HAWK<\/p>\n<p>FORRO COM AJUSTE DE TAMANHO DO 56 &#8211; 62<\/p>\n","protected":false},"excerpt":{"rendered":"<p>FORRA\u00c7\u00c3O INTERNA PARA OS CAPACETES MODELOS ABERTOS, RAPTOR, REVO E HAWK.<\/p>\n<p>FORRO COM AJUSTE DE TAMANHO DO 56 &#8211; 62<\/p>\n","protected":false},"featured_media":4898,"comment_status":"open","ping_status":"closed","template":"","meta":{"_joinchat":[]},"product_brand":[],"product_cat":[86],"product_tag":[],"class_list":{"0":"post-2352","1":"product","2":"type-product","3":"status-publish","4":"has-post-thumbnail","6":"product_cat-capacetes-aeronauticos","8":"first","9":"instock","10":"shipping-taxable","11":"product-type-external"},"aioseo_notices":[],"_links":{"self":[{"href":"https:\/\/flytecaviation.com.br\/wp\/wp-json\/wp\/v2\/product\/2352","targetHints":{"allow":["GET"]}}],"collection":[{"href":"https:\/\/flytecaviation.com.br\/wp\/wp-json\/wp\/v2\/product"}],"about":[{"href":"https:\/\/flytecaviation.com.br\/wp\/wp-json\/wp\/v2\/types\/product"}],"replies":[{"embeddable":true,"href":"https:\/\/flytecaviation.com.br\/wp\/wp-json\/wp\/v2\/comments?post=2352"}],"wp:featuredmedia":[{"embeddable":true,"href":"https:\/\/flytecaviation.com.br\/wp\/wp-json\/wp\/v2\/media\/4898"}],"wp:attachment":[{"href":"https:\/\/flytecaviation.com.br\/wp\/wp-json\/wp\/v2\/media?parent=2352"}],"wp:term":[{"taxonomy":"product_brand","embeddable":true,"href":"https:\/\/flytecaviation.com.br\/wp\/wp-json\/wp\/v2\/product_brand?post=2352"},{"taxonomy":"product_cat","embeddable":true,"href":"https:\/\/flytecaviation.com.br\/wp\/wp-json\/wp\/v2\/product_cat?post=2352"},{"taxonomy":"product_tag","embeddable":true,"href":"https:\/\/flytecaviation.com.br\/wp\/wp-json\/wp\/v2\/product_tag?post=2352"}],"curies":[{"name":"wp","href":"https:\/\/api.w.org\/{rel}","templated":true}]}}