{"id":2403,"date":"2022-02-22T11:11:07","date_gmt":"2022-02-22T11:11:07","guid":{"rendered":"https:\/\/flytecaviation.com.br\/wp\/produto\/capacete-raptor-anr-bluetooth-sistem-e-viseira-fumas-aviaa%e2%80%a1a%c6%92o-agra%c2%8dcola\/"},"modified":"2026-02-11T14:55:43","modified_gmt":"2026-02-11T14:55:43","slug":"capacete-raptor-anr-bluetooth-sistem-e-viseira-fume-aviacao-agricola","status":"publish","type":"product","link":"https:\/\/flytecaviation.com.br\/wp\/produto\/capacete-raptor-anr-bluetooth-sistem-e-viseira-fume-aviacao-agricola\/","title":{"rendered":"CAPACETE RAPTOR COM FONIA ANR E BLUETOOTH PARA AVIA\u00c7\u00c3O AGRICOLA"},"content":{"rendered":"<div>CONEX\u00c3O DUAL PLUG.<\/div>\n<div>O capacete \u00e9 destinado aos pilotos de aeronaves da<\/div>\n<div>categoria leve-esportiva (ALE). As suas especifica\u00e7\u00f5es t\u00e9cnicas s\u00e3o<\/div>\n<div>compat\u00edveis com os equipamentos de \u00e1udio da avia\u00e7\u00e3o geral, com<\/div>\n<div>dois plugues (MIC e FONE).<\/div>\n<div>Confort\u00e1vel, extremamente leve, abafa o ru\u00eddo<\/div>\n<div>ambiente tanto da forma passiva \u2013 com<\/div>\n<div>eficientes conchas auriculares \u2013, como<\/div>\n<div>tamb\u00e9m atrav\u00e9s do sistema Active Noise<\/div>\n<div>Reduction (ANR).<\/div>\n<div>Equipado com Bluetooth\u00ae, conecta-se a<\/div>\n<div>smartphone para reproduzir m\u00fasicas ou<\/div>\n<div>efetuar liga\u00e7\u00f5es telef\u00f4nicas.<\/div>\n<div>Utiliza duas pilhas alcalinas ou pode ser<\/div>\n<div>ligado, atrav\u00e9s da fonte FC-09, ao sistema el\u00e9trico da aeronave.<\/div>\n<div><\/div>\n<div><\/div>\n<div>Descri\u00e7\u00e3o dos itens existentes no controle:<\/div>\n<div>1- Tomada para conectar a fonte FC-09.<\/div>\n<div>2- Controle de volume do lado direito.<\/div>\n<div>3- Controle de volume do lado esquerdo.<\/div>\n<div>4- Luz de monitora\u00e7\u00e3o da carga das pilhas.<\/div>\n<div>5- Bot\u00e3o liga-desliga.<\/div>\n<div>6- Luz do Bluetooth.<\/div>\n<div>7- Bot\u00e3o de acionamento do Bluetooth.<\/div>\n<div>8- Controle de volume do Bluetooth.<\/div>\n<div>9- Seletora de modos para ouvir m\u00fasica:<\/div>\n<div>A- Corta a m\u00fasica quando fala.<\/div>\n<div>B- N\u00e3o corta a m\u00fasica quando fala.<\/div>\n<div>C- N\u00e3o ouve a m\u00fasica.<\/div>\n<div>10- Chave seletora MONO\u00d7STEREO.<\/div>\n<div>11- Alojamento das pilhas.<\/div>\n<div><\/div>\n<div>Como conectar o Bluetooth: Ligue o controle (5), pressione o bot\u00e3o do Bluetooth (7) e mantenha pressionado por<\/div>\n<div>aproximadamente 15 segundos, at\u00e9 a luz azul (6) come\u00e7ar a piscar, alternando com<\/div>\n<div><\/div>\n<div>a luz vermelha. Mande o celular iniciar a busca; depois que achar, ao aparecer BT-<\/div>\n<div>ANR na tela do celular, mande parear.<\/div>\n<div><\/div>\n<div>Pilhas: Enquanto as pilhas est\u00e3o boas, a luz (4) pisca uma vez a cada 2,5 segundos. Inicialmente, acende s\u00f3 na<\/div>\n<div>cor verde, quando as pilhas s\u00e3o novas. Pouco tempo depois a luz se torna alaranjada e vai gradativamente<\/div>\n<div>tendendo ao vermelho. \u00c0 medida que as pilhas se descarregam, a cor vermelha fica mais forte. As pilhas<\/div>\n<div>devem ser trocadas quando a luz estiver totalmente vermelha e piscando mais r\u00e1pido (uma vez por<\/div>\n<div>segundo).<\/div>\n<div>O gr\u00e1fico n\u00e3o \u00e9 v\u00e1lido para pilhas recarreg\u00e1veis, de 1,2 volts.<\/div>\n<div><\/div>\n<div>Especifica\u00e7\u00f5es t\u00e9cnicas: Microfone Noise Cancelling Electret (VS=1,5V; RL=680 \uf057 e sensibilidade de -54\u00b14dB).<\/div>\n<div><\/div>\n<div>C\u00e1psulas receptoras de 300 \uf057 (150 \uf057 quando selecionado em MONO).<\/div>\n<div>Sistema ANR e Bluetooth alimentado por 2 pilhas AA, alcalinas, ou pela fonte FC-09<\/div>\n<div><\/div>\n<div>\n<div>O Capacete proporciona prote\u00e7\u00e3o para o uso em v\u00f4os.<\/div>\n<div><\/div>\n<div>F\u00e1cil de colocar e retirar.<\/div>\n<div><\/div>\n<div>Possui 4 entradas de ar para ventila\u00e7\u00e3o.<\/div>\n<div><\/div>\n<div>Estrutura com ampla cobertura da cabe\u00e7a com espuma espessa feita em duas camadas para maior conforto e absor\u00e7\u00e3o do impacto.<\/div>\n<\/div>\n<div><\/div>\n<div>\n<p>Nas nossas fonias s\u00e3o utilizados componentes da mais alta qualidade, como as almofadas auriculares aeron\u00e1uticas importadas, confeccionadas em gel e silicone, que s\u00e3o extremamente macias e confort\u00e1veis, trazendo seguran\u00e7a e mantendo a sua sa\u00fade auditiva. As fonias permitem a utiliza\u00e7\u00e3o de qualquer tipo de r\u00e1dio, tanto amador como aeron\u00e1utico, basta escolher a conex\u00e3o da fonia.<\/p>\n<p>Os cabos de conex\u00f5es que acompanham os capacetes s\u00e3o fixos na fonia, evitando o mal contato e podendo ser substitu\u00eddos para diversos tipos de r\u00e1dios, apenas fazendo a substitui\u00e7\u00e3o do cabo para cada modelo e marca.<\/p>\n<p style=\"background: white; margin: 0cm 0cm 13.8pt 0cm;\">Temos duas op\u00e7\u00f5es de viseiras, sendo a tipo \u201cTOP GUN\u201d que recobre o ter\u00e7o proximal da face e a \u201d FULL FACE\u201dque recobre a face toda.<br \/>\nCores modelo TOP GUN: AZUL IRIDIUM, DOURADO, FUME, ESPELHADO E CRISTAL.<br \/>\nCores modelo FULL FACE: AZUL IRIDIUM, DOURADO, FUME, CAMALE\u00c3O, ESPELHADO E CRISTAL.<br \/>\nNa hora da compra nos informe qual modelo e cor de viseira vai ser.<\/p>\n<\/div>\n<div>\n<div><\/div>\n<div>TABELA DE TAMANHOS:<\/div>\n<div><\/div>\n<div>Nossos capacetes s\u00e3o ajust\u00e1veis o tamanho conforme precise, o casco \u00e9 tamanho \u00fanico o que muda \u00e9 a forra\u00e7\u00e3o que possibilita o ajuste conforme sua necessidade.<br \/>\nO capacete \u00e9 entregue no tamanho 56 possibilitando o ajuste at\u00e9 62.<br \/>\nP:56 \u2013 58(cm) M:58 \u2013 60(cm) G:60 \u2013 62<\/div>\n<div><\/div>\n<div>Todos os capacetes acompanham um Saco bag e a Bolsa para transporte, garantindo mais prote\u00e7\u00e3o e cuidado com o capacete.<\/div>\n<div>Nossos capacetes s\u00e3o produzidos artesanalmente e feitos sob encomenda, ent\u00e3o antes da compra consulte nos para saber disponibilidade e prazo de entrega.<\/div>\n<div><\/div>\n<div>Na compra desse produto \u00e9 preciso incluir o frete de valor \u00fanico para todo Brasil via sedex. No menu inicial est\u00e1 o link do FRETE SEDEX \u00e9 s\u00f3 selecionar e efetuar a compra.<\/div>\n<div><\/div>\n<div><\/div>\n<div>CONSULTE-NOS PARA MAIS INFORMA\u00c7\u00d5ES!<\/div>\n<div><\/div>\n<div>Tire suas d\u00favidas antes de comprar seu capacete: Tamanho, o modelo de r\u00e1dio que deseja usar, cor e viseira do capacete.<\/div>\n<div><\/div>\n<div>Para mais op\u00e7\u00f5es de pagamento como transfer\u00eancia banc\u00e1ria, pix e mercado pago entre em contato conosco. Tudo para agilizar sua compra!<\/div>\n<div><\/div>\n<div>Whattsapp &#8211; 1197806-4723 Email &#8211; flytecaviation@gmail.com<\/div>\n<\/div>\n<div><\/div>\n","protected":false},"excerpt":{"rendered":"<p style=\"background: white; margin: 0cm 0cm 13.8pt 0cm;\">A COR DO CAPACETE E DA VISEIRA \u00c9 MERAMENTE ILUSTRATIVO E PODE SER ALTERADO NOS INFORMANDO A COR DESEJADO ANTES DA COMPRA.<\/p>\n<p>Os capacetes <strong>FLYTEC AVIATION\u00a0<\/strong> foram desenvolvidos para atender o mercado de avia\u00e7\u00e3o como um todo, especialmente: Avia\u00e7\u00e3o Agr\u00edcola, Avia\u00e7\u00e3o Experimental, Girocoptero, Ultraleve dentre outros setores aeron\u00e1uticos.<\/p>\n<p>Este capacete pode ser utilizado em todos os setores citado acima, porem antes da compra entre em contato para definir o tipo de conex\u00e3o e confirmar se temos o modelo desejado.<\/p>\n<p>Todos os nossos capacetes s\u00e3o fabricados de forma 100% artesanal, desde o casco, constru\u00eddo com o tecido da fibra de vidro, utilizando o processo de lamina\u00e7\u00e3o por infus\u00e3o a v\u00e1cuo, com acabamento em gel coat, tornando-o muito resistente, leve, compacto e sem falhas ou bolhas internas.<\/p>\n<p style=\"background: white; margin: 0cm 0cm 13.8pt 0cm;\">\n","protected":false},"featured_media":6061,"comment_status":"open","ping_status":"closed","template":"","meta":{"_joinchat":[]},"product_brand":[],"product_cat":[86],"product_tag":[],"class_list":{"0":"post-2403","1":"product","2":"type-product","3":"status-publish","4":"has-post-thumbnail","6":"product_cat-capacetes-aeronauticos","8":"first","9":"instock","10":"shipping-taxable","11":"product-type-external"},"aioseo_notices":[],"_links":{"self":[{"href":"https:\/\/flytecaviation.com.br\/wp\/wp-json\/wp\/v2\/product\/2403","targetHints":{"allow":["GET"]}}],"collection":[{"href":"https:\/\/flytecaviation.com.br\/wp\/wp-json\/wp\/v2\/product"}],"about":[{"href":"https:\/\/flytecaviation.com.br\/wp\/wp-json\/wp\/v2\/types\/product"}],"replies":[{"embeddable":true,"href":"https:\/\/flytecaviation.com.br\/wp\/wp-json\/wp\/v2\/comments?post=2403"}],"wp:featuredmedia":[{"embeddable":true,"href":"https:\/\/flytecaviation.com.br\/wp\/wp-json\/wp\/v2\/media\/6061"}],"wp:attachment":[{"href":"https:\/\/flytecaviation.com.br\/wp\/wp-json\/wp\/v2\/media?parent=2403"}],"wp:term":[{"taxonomy":"product_brand","embeddable":true,"href":"https:\/\/flytecaviation.com.br\/wp\/wp-json\/wp\/v2\/product_brand?post=2403"},{"taxonomy":"product_cat","embeddable":true,"href":"https:\/\/flytecaviation.com.br\/wp\/wp-json\/wp\/v2\/product_cat?post=2403"},{"taxonomy":"product_tag","embeddable":true,"href":"https:\/\/flytecaviation.com.br\/wp\/wp-json\/wp\/v2\/product_tag?post=2403"}],"curies":[{"name":"wp","href":"https:\/\/api.w.org\/{rel}","templated":true}]}}