{"id":2469,"date":"2022-02-22T11:11:12","date_gmt":"2022-02-22T11:11:12","guid":{"rendered":"https:\/\/flytecaviation.com.br\/wp\/produto\/capacete-silent-carbon-colors-faixas-verde-e-viseira-transparente\/"},"modified":"2025-06-16T11:27:10","modified_gmt":"2025-06-16T11:27:10","slug":"capacete-silent-carbon-colors-faixas-verde-e-viseira-transparente","status":"publish","type":"product","link":"https:\/\/flytecaviation.com.br\/wp\/produto\/capacete-silent-carbon-colors-faixas-verde-e-viseira-transparente\/","title":{"rendered":"CAPACETE RAPTOR COR VERDE FOSCO MILITAR COM VISEIRA"},"content":{"rendered":"<p>O capacete \u00e9 equipado com o sistema de fonia aeron\u00e1utica.<\/p>\n<p>Nas nossas fonias s\u00e3o utilizados componentes da mais alta qualidade, como as almofadas auriculares aeron\u00e1uticas importadas, confeccionadas em gel e silicone, que s\u00e3o extremamente macias e confort\u00e1veis, trazendo seguran\u00e7a e mantendo a sua sa\u00fade auditiva. As fonias permitem a utiliza\u00e7\u00e3o de qualquer tipo de r\u00e1dio, tanto amador como aeron\u00e1utico, basta escolher a conex\u00e3o da fonia.<\/p>\n<p>CARACTER\u00cdSTICAS:<\/p>\n<p>Conchas auriculares aeron\u00e1utico com almofadas em gel silicone super confort\u00e1vel e com alta veda\u00e7\u00e3o de ruido atenuando 20DB.Microfone de eletreto noise cancelling sem amplificador.Labiofone articulado com tubo flex\u00edvel e haste de ajuste deslizante.Dois alto-falantes de 8 ohms.Um bot\u00e3o PTT fixado na concha do lado esquerdo (opcional).Plugues P1 e P2, com liga\u00e7\u00f5es para R\u00e1dio HT e Aeron\u00e1utico.<\/p>\n<p>Temos dois modelos de haste que prende a fonia no capacete.<\/p>\n<p>A padr\u00e3o flytec com ajustes deslizantes para cima e para baixo, proporcionam uma regulagem mais precisa e confort\u00e1vel, com alta capacidade de atenua\u00e7\u00e3o sendo essa de 20 dB.<\/p>\n<p>A haste tipo 3M tamb\u00e9m possui ajustes deslizantes para cima e para baixo, abre e fecha para dentro e para fora com click r\u00e1pido, que possibilita um ajuste preciso e confort\u00e1vel, com alta capacidade de atenua\u00e7\u00e3o sendo essa de 20 dB.<\/p>\n<p>A escolha da haste pode ser feito na hora da compra nos informando qual modelo vai ser.<\/p>\n<p><img decoding=\"async\" class=\"alignnone wp-image-6116 lazyautosizes ls-is-cached lazyloaded\" src=\"https:\/\/flytecaviation.com.br\/wp\/wp-content\/uploads\/2023\/10\/HASTE-3M-SITE-2-300x234.jpg\" sizes=\"190px\" srcset=\"https:\/\/flytecaviation.com.br\/wp\/wp-content\/uploads\/2023\/10\/HASTE-3M-SITE-2-300x234.jpg 300w, https:\/\/flytecaviation.com.br\/wp\/wp-content\/uploads\/2023\/10\/HASTE-3M-SITE-2-1024x797.jpg 1024w, https:\/\/flytecaviation.com.br\/wp\/wp-content\/uploads\/2023\/10\/HASTE-3M-SITE-2-768x598.jpg 768w, https:\/\/flytecaviation.com.br\/wp\/wp-content\/uploads\/2023\/10\/HASTE-3M-SITE-2-1536x1196.jpg 1536w, https:\/\/flytecaviation.com.br\/wp\/wp-content\/uploads\/2023\/10\/HASTE-3M-SITE-2-510x397.jpg 510w, https:\/\/flytecaviation.com.br\/wp\/wp-content\/uploads\/2023\/10\/HASTE-3M-SITE-2.jpg 1920w\" alt=\"\" width=\"190\" height=\"148\" data-src=\"https:\/\/flytecaviation.com.br\/wp\/wp-content\/uploads\/2023\/10\/HASTE-3M-SITE-2-300x234.jpg\" data-srcset=\"https:\/\/flytecaviation.com.br\/wp\/wp-content\/uploads\/2023\/10\/HASTE-3M-SITE-2-300x234.jpg 300w, https:\/\/flytecaviation.com.br\/wp\/wp-content\/uploads\/2023\/10\/HASTE-3M-SITE-2-1024x797.jpg 1024w, https:\/\/flytecaviation.com.br\/wp\/wp-content\/uploads\/2023\/10\/HASTE-3M-SITE-2-768x598.jpg 768w, https:\/\/flytecaviation.com.br\/wp\/wp-content\/uploads\/2023\/10\/HASTE-3M-SITE-2-1536x1196.jpg 1536w, https:\/\/flytecaviation.com.br\/wp\/wp-content\/uploads\/2023\/10\/HASTE-3M-SITE-2-510x397.jpg 510w, https:\/\/flytecaviation.com.br\/wp\/wp-content\/uploads\/2023\/10\/HASTE-3M-SITE-2.jpg 1920w\" data-sizes=\"auto\" data-eio-rwidth=\"300\" data-eio-rheight=\"234\" \/><\/p>\n<p>Os cabos de conex\u00f5es que acompanham os capacetes s\u00e3o espirais e s\u00e3o fixos na fonia, evitando o mal contato e podendo ser substitu\u00eddos para diversos tipos de r\u00e1dios, apenas fazendo a substitui\u00e7\u00e3o do cabo para cada modelo e marca.<\/p>\n<p>Nossos capacetes\u00a0podem ser adquiridos com ou sem viseira, todas s\u00e3o articuladas e remov\u00edveis.<\/p>\n<p>Temos Duas op\u00e7\u00f5es de viseiras, sendo a tipo \u201cTOP GUN\u201d que recobre o ter\u00e7o proximal da face e a \u201d FULL FACE\u201dque recobre a face toda.<\/p>\n<p>Cores modelo TOP GUN: AZUL IRIDIUM, DOURADO, FUME, ESPELHADO E CRISTAL.<\/p>\n<p>Cores modelo FULL FACE: AZUL IRIDIUM, DOURADO, FUME, CAMALE\u00c3O, ESPELHADO E CRISTAL.<\/p>\n<p>Na hora da compra nos informe qual modelo e cor de viseira vai ser.<\/p>\n<p>TABELA DE TAMANHOS:<\/p>\n<p>Nossos capacetes s\u00e3o ajust\u00e1veis o tamanho conforme precise, o casco \u00e9 tamanho \u00fanico o que muda \u00e9 a forra\u00e7\u00e3o que possibilita o ajuste conforme sua necessidade.<\/p>\n<p>O capacete \u00e9 entregue no tamanho 56 possibilitando o ajuste at\u00e9 62.<\/p>\n<p>P:56 \u2013 58(cm) M:58 \u2013 60(cm) G:60 \u2013 62<\/p>\n<p>Todos os capacetes acompanham um Saco bag e a Bolsa para transporte, garantindo mais prote\u00e7\u00e3o e cuidado com o capacete.<\/p>\n<p>Composi\u00e7\u00e3o do Casco: Fibra com Enchimento, espuma de PU, Fitas e fecho de engates r\u00e1pidos em metal.<\/p>\n<p>O Capacete proporciona prote\u00e7\u00e3o para o uso em v\u00f4os.<\/p>\n<p>F\u00e1cil de colocar e retirar.<\/p>\n<p>Estrutura com ampla cobertura da cabe\u00e7a com espuma espessa feita em quatro camadas para maior conforto e absor\u00e7\u00e3o do impacto.<\/p>\n<p>Nossos capacetes s\u00e3o produzidos artesanalmente e feitos sob encomenda, ent\u00e3o antes da compra consulte nos para saber disponibilidade e prazo de entrega.<\/p>\n<p>CONSULTE-NOS PARA MAIS INFORMA\u00c7\u00d5ES!<\/p>\n<p>Tire suas d\u00favidas antes de comprar seu capacete: Tamanho, o modelo de r\u00e1dio que deseja usar, cor e viseira do capacete.<\/p>\n<p>Para mais op\u00e7\u00f5es de pagamento como transfer\u00eancia banc\u00e1ria, pix e mercado pago entre em contato conosco.<\/p>\n<p>Tudo para agilizar sua compra!<\/p>\n<p>Whattsapp \u2013 1197806-4723 Email \u2013 flytecaviation@gmail.com<\/p>\n","protected":false},"excerpt":{"rendered":"<p>A COR DO CAPACETE E DA VISEIRA \u00c9 MERAMENTE ILUSTRATIVO E PODE SER ALTERADO NOS INFORMANDO A COR DESEJADO ANTES DA COMPRA.<\/p>\n<p>Os \u00a0capacetes\u00a0<strong>FLYTEC AVIATION\u00a0<\/strong>\u00a0foram desenvolvidos para atender o mercado de avia\u00e7\u00e3o como um todo, especialmente: Avia\u00e7\u00e3o Agr\u00edcola, Avia\u00e7\u00e3o Experimental, Girocoptero, Paramotor, Paratrike, Trike, Ultraleve dentre outros setores aeron\u00e1uticos.<\/p>\n<p>Este capacete pode ser utilizado em todos os setores citado acima, porem antes da compra entre em contato para definir o tipo de conex\u00e3o e confirmar se temos o modelo desejado.<\/p>\n<p>Todos os nossos capacetes s\u00e3o fabricados de forma 100% \u00a0artesanal, desde o casco, constru\u00eddo com o tecido da fibra de vidro, utilizando o processo de lamina\u00e7\u00e3o por infus\u00e3o a v\u00e1cuo, com acabamento em gel coat, tornando-o muito resistente, leve, compacto e sem falhas ou bolhas internas.<\/p>\n","protected":false},"featured_media":4325,"comment_status":"open","ping_status":"closed","template":"","meta":{"_joinchat":[]},"product_brand":[],"product_cat":[86],"product_tag":[],"class_list":{"0":"post-2469","1":"product","2":"type-product","3":"status-publish","4":"has-post-thumbnail","6":"product_cat-capacetes-aeronauticos","8":"first","9":"instock","10":"shipping-taxable","11":"product-type-external"},"aioseo_notices":[],"_links":{"self":[{"href":"https:\/\/flytecaviation.com.br\/wp\/wp-json\/wp\/v2\/product\/2469","targetHints":{"allow":["GET"]}}],"collection":[{"href":"https:\/\/flytecaviation.com.br\/wp\/wp-json\/wp\/v2\/product"}],"about":[{"href":"https:\/\/flytecaviation.com.br\/wp\/wp-json\/wp\/v2\/types\/product"}],"replies":[{"embeddable":true,"href":"https:\/\/flytecaviation.com.br\/wp\/wp-json\/wp\/v2\/comments?post=2469"}],"wp:featuredmedia":[{"embeddable":true,"href":"https:\/\/flytecaviation.com.br\/wp\/wp-json\/wp\/v2\/media\/4325"}],"wp:attachment":[{"href":"https:\/\/flytecaviation.com.br\/wp\/wp-json\/wp\/v2\/media?parent=2469"}],"wp:term":[{"taxonomy":"product_brand","embeddable":true,"href":"https:\/\/flytecaviation.com.br\/wp\/wp-json\/wp\/v2\/product_brand?post=2469"},{"taxonomy":"product_cat","embeddable":true,"href":"https:\/\/flytecaviation.com.br\/wp\/wp-json\/wp\/v2\/product_cat?post=2469"},{"taxonomy":"product_tag","embeddable":true,"href":"https:\/\/flytecaviation.com.br\/wp\/wp-json\/wp\/v2\/product_tag?post=2469"}],"curies":[{"name":"wp","href":"https:\/\/api.w.org\/{rel}","templated":true}]}}