{"id":6319,"date":"2025-12-16T15:21:54","date_gmt":"2025-12-16T15:21:54","guid":{"rendered":"https:\/\/flytecaviation.com.br\/wp\/?post_type=product&#038;p=6319"},"modified":"2026-02-23T16:03:41","modified_gmt":"2026-02-23T16:03:41","slug":"capacete-raptor-com-supressor-de-ruido-eletronico","status":"publish","type":"product","link":"https:\/\/flytecaviation.com.br\/wp\/produto\/capacete-raptor-com-supressor-de-ruido-eletronico\/","title":{"rendered":"CAPACETE RAPTOR COM ANR SUPRESSOR DE RU\u00cdDO ELETR\u00d4NICO"},"content":{"rendered":"<p>CAPACETE RAPTOR COM ANR SUPRESSOR DE RU\u00cdDO ELETR\u00d4NICO DUAL PLUG PARA AVIA\u00c7\u00c3O AGRICOLA<\/p>\n","protected":false},"excerpt":{"rendered":"<p>CAPACETE RAPTOR COM ANR SUPRESSOR DE RU\u00cdDO ELETR\u00d4NICO DUAL PLUG PARA AVIA\u00c7\u00c3O AGRICOLA<\/p>\n","protected":false},"featured_media":6325,"comment_status":"open","ping_status":"closed","template":"","meta":{"_joinchat":[]},"product_brand":[],"product_cat":[86],"product_tag":[],"class_list":{"0":"post-6319","1":"product","2":"type-product","3":"status-publish","4":"has-post-thumbnail","6":"product_cat-capacetes-aeronauticos","8":"first","9":"instock","10":"shipping-taxable","11":"product-type-external"},"aioseo_notices":[],"_links":{"self":[{"href":"https:\/\/flytecaviation.com.br\/wp\/wp-json\/wp\/v2\/product\/6319","targetHints":{"allow":["GET"]}}],"collection":[{"href":"https:\/\/flytecaviation.com.br\/wp\/wp-json\/wp\/v2\/product"}],"about":[{"href":"https:\/\/flytecaviation.com.br\/wp\/wp-json\/wp\/v2\/types\/product"}],"replies":[{"embeddable":true,"href":"https:\/\/flytecaviation.com.br\/wp\/wp-json\/wp\/v2\/comments?post=6319"}],"wp:featuredmedia":[{"embeddable":true,"href":"https:\/\/flytecaviation.com.br\/wp\/wp-json\/wp\/v2\/media\/6325"}],"wp:attachment":[{"href":"https:\/\/flytecaviation.com.br\/wp\/wp-json\/wp\/v2\/media?parent=6319"}],"wp:term":[{"taxonomy":"product_brand","embeddable":true,"href":"https:\/\/flytecaviation.com.br\/wp\/wp-json\/wp\/v2\/product_brand?post=6319"},{"taxonomy":"product_cat","embeddable":true,"href":"https:\/\/flytecaviation.com.br\/wp\/wp-json\/wp\/v2\/product_cat?post=6319"},{"taxonomy":"product_tag","embeddable":true,"href":"https:\/\/flytecaviation.com.br\/wp\/wp-json\/wp\/v2\/product_tag?post=6319"}],"curies":[{"name":"wp","href":"https:\/\/api.w.org\/{rel}","templated":true}]}}